{"id":9,"date":"2011-12-26T13:23:34","date_gmt":"2011-12-26T13:23:34","guid":{"rendered":"http:\/\/elevagedupetitroyaume.ch\/?page_id=9"},"modified":"2024-04-19T07:35:26","modified_gmt":"2024-04-19T07:35:26","slug":"chi-siamo","status":"publish","type":"page","link":"https:\/\/elevagedupetitroyaume.ch\/?page_id=9","title":{"rendered":"CHI SONO"},"content":{"rendered":"<h1>&nbsp;<\/h1>\n<h1><img loading=\"lazy\" decoding=\"async\" class=\"wp-image-2333 size-medium aligncenter\" src=\"http:\/\/elevagedupetitroyaume.ch\/wp-content\/uploads\/2019\/11\/IMG_0772-300x300.jpg\" alt=\"\" width=\"300\" height=\"300\" srcset=\"https:\/\/elevagedupetitroyaume.ch\/wp-content\/uploads\/2019\/11\/IMG_0772-300x300.jpg 300w, https:\/\/elevagedupetitroyaume.ch\/wp-content\/uploads\/2019\/11\/IMG_0772-150x150.jpg 150w, https:\/\/elevagedupetitroyaume.ch\/wp-content\/uploads\/2019\/11\/IMG_0772.jpg 640w\" sizes=\"auto, (max-width: 300px) 100vw, 300px\" \/><\/h1>\n<h1>CHI SONO:<\/h1>\n<p>Da sempre ho due passioni: cavalli e cani.<br \/>\nHo avuto la fortuna di crescere con loro ed essi fanno parte integrante della mia vita.<br \/>\nDurante gli studi universitari in scienze e tecniche equine ho maturato sempre pi\u00f9 il sogno di creare un allevamento di cani.<br \/>\nDopo aver frequentato un corso professionale per allevatori in Italia, ho deciso che era giunto il momento di creare il mio allevamento: nacque cos\u00ec l&#8217;\u00e9levage du petit Royaume, per la selezione dello Zwergpinscher.<\/p>\n<h1>PERCHE&#8217; LO ZWERGPINSCHER?<\/h1>\n<p>Perch\u00e9 la passione dello Zwergpinscher \u00e8 come un virus.<br \/>\nLo ZP non \u00e8 un cane da borsetta.<br \/>\nMalgrado le sue piccole dimensioni non ha niente da invidiare ai suoi &#8221;cugini&#8221; di grossa taglia.<br \/>\nLo ZP \u00e8 dotato di un forte carattere, direi quasi una &#8221;&#8217;personalit\u00e0&#8221;, \u00e8 fiero, elegante, estremamente legato al padrone di cui ne fa il centro del suo mondo.<br \/>\nE&#8217; un cane attivo, sempre disposto a giocare con grandi e piccini, adora le passeggiate e le corse all&#8217;aria aperta. Ad alcuni piace persino nuotare\u2026<br \/>\nE&#8217; polivalente, in quanto il suo fisico atletico gli consente di cimentarsi in diversi sport tra i quali l&#8217;agility ottenendo buoni risultati.<br \/>\nE&#8217; un cane con una grande adattabilit\u00e0, che ben si presta alla vita in citt\u00e0 come pure alla campagna.<br \/>\nIl vero ZP \u00e8 un cane equilibrato, affettuoso e giocherellone adatto ai single come alle famiglie.<br \/>\nE&#8217; anche un vigile guardiano, sempre pronto a segnalare qualche rumore sospetto. Ci\u00f2 tuttavia non ne fa il grande abbaiatore che molti credono, perch\u00e9 in realt\u00e0 lo ZP si fa sentire solo in casi motivati.<br \/>\nPer quanto riguarda la salute, lo ZP \u00e8 un cane robusto, che gode di buona salute generale. Solamente d&#8217;inverno a causa del mantello raso, patisce un po&#8217; il freddo.<\/p>\n<h1><strong>OBIETTIVO:<\/strong><\/h1>\n<p>La nostra selezione \u00e8 mirata principalmente all&#8217;allevamento di cani SANI, di BUON CARATTERE senza per\u00f2 tralasciare L&#8217;ESTETICA.<\/p>\n<h1><strong>L&#8217;ALLEVAMENTO:<\/strong><\/h1>\n<p>I nostri cani vivono principalmente in casa, ognuno ha il suo spazio personale e sono a stretto contatto con tutti i membri della famiglia. Hanno inoltre a disposizione delle belle ed ampie casette coibentate all&#8217;esterno, che permettono loro di avere sufficente spazio per mangiare,giocare e rilassarsi durante le nostre assenze.<br \/>\nCiascuno di loro ha una dieta personalizzata in base alle sue esigenze nutrizionali e all&#8217;attivit\u00e0 fisica eseguita.<br \/>\nEssi vengono regolarmente vaccinati, sverminati e controllati dal veterinario di fiducia.<\/p>\n<p>Naturalmente anche i cuccioli crescono in casa e hanno a disposizione un&#8217;ampia zona del giardino a loro riservata come pure un locale interno dove possono giocare in caso di mal tempo.<\/p>\n<p>I cuccioli vengono ceduti solo a veri amanti animali, previo incontro conoscitivo e riservazione.<br \/>\nEssi raggiungono i nuovi proprietari dopo la 10\u00b0 settimana di vita, regolarmente sverminati e muniti di contratto di vendita, pedigree, passaporto, microchip, 1\u00b0 vaccinazione e pacchetto omaggio.<\/p>\n<p style=\"text-align: center;\">&nbsp;<\/p>\n","protected":false},"excerpt":{"rendered":"<p>&nbsp; CHI SONO: Da sempre ho due passioni: cavalli e cani. Ho avuto la fortuna di crescere con loro ed essi fanno parte integrante della mia vita. Durante gli studi universitari in scienze e tecniche equine ho maturato sempre pi\u00f9 &hellip; <a href=\"https:\/\/elevagedupetitroyaume.ch\/?page_id=9\">Continua a leggere<span class=\"meta-nav\">&rarr;<\/span><\/a><\/p>\n","protected":false},"author":1,"featured_media":0,"parent":0,"menu_order":0,"comment_status":"closed","ping_status":"closed","template":"","meta":{"ngg_post_thumbnail":0,"footnotes":""},"class_list":["post-9","page","type-page","status-publish","hentry"],"_links":{"self":[{"href":"https:\/\/elevagedupetitroyaume.ch\/index.php?rest_route=\/wp\/v2\/pages\/9","targetHints":{"allow":["GET"]}}],"collection":[{"href":"https:\/\/elevagedupetitroyaume.ch\/index.php?rest_route=\/wp\/v2\/pages"}],"about":[{"href":"https:\/\/elevagedupetitroyaume.ch\/index.php?rest_route=\/wp\/v2\/types\/page"}],"author":[{"embeddable":true,"href":"https:\/\/elevagedupetitroyaume.ch\/index.php?rest_route=\/wp\/v2\/users\/1"}],"replies":[{"embeddable":true,"href":"https:\/\/elevagedupetitroyaume.ch\/index.php?rest_route=%2Fwp%2Fv2%2Fcomments&post=9"}],"version-history":[{"count":19,"href":"https:\/\/elevagedupetitroyaume.ch\/index.php?rest_route=\/wp\/v2\/pages\/9\/revisions"}],"predecessor-version":[{"id":2556,"href":"https:\/\/elevagedupetitroyaume.ch\/index.php?rest_route=\/wp\/v2\/pages\/9\/revisions\/2556"}],"wp:attachment":[{"href":"https:\/\/elevagedupetitroyaume.ch\/index.php?rest_route=%2Fwp%2Fv2%2Fmedia&parent=9"}],"curies":[{"name":"wp","href":"https:\/\/api.w.org\/{rel}","templated":true}]}}